{"id":1246,"date":"2023-08-23T07:54:57","date_gmt":"2023-08-23T05:54:57","guid":{"rendered":"https:\/\/academedia.education\/home\/"},"modified":"2025-12-18T13:46:29","modified_gmt":"2025-12-18T12:46:29","slug":"home","status":"publish","type":"page","link":"https:\/\/academedia.education\/sv\/","title":{"rendered":"Home"},"content":{"rendered":"\t\t<div data-elementor-type=\"wp-page\" data-elementor-id=\"1246\" class=\"elementor elementor-1246 elementor-23\" data-elementor-post-type=\"page\">\n\t\t\t\t<div class=\"elementor-element elementor-element-7b186df e-con-full e-flex e-con e-parent\" data-id=\"7b186df\" data-element_type=\"container\" data-e-type=\"container\" data-settings=\"{&quot;background_background&quot;:&quot;classic&quot;}\">\n\t\t<div class=\"elementor-element elementor-element-48aadf5 e-con-full e-flex e-con e-child\" data-id=\"48aadf5\" data-element_type=\"container\" data-e-type=\"container\">\n\t\t<div class=\"elementor-element elementor-element-c9e4e2b e-flex e-con-boxed e-con e-child\" data-id=\"c9e4e2b\" data-element_type=\"container\" data-e-type=\"container\">\n\t\t\t\t\t<div class=\"e-con-inner\">\n\t\t\t\t<div class=\"elementor-element elementor-element-30ac5ac elementor-widget elementor-widget-heading\" data-id=\"30ac5ac\" data-element_type=\"widget\" data-e-type=\"widget\" data-widget_type=\"heading.default\">\n\t\t\t\t<div class=\"elementor-widget-container\">\n\t\t\t\t\t<h2 class=\"elementor-heading-title elementor-size-default\">Utbildning \u00e4r Framtiden \u2013<\/h2>\t\t\t\t<\/div>\n\t\t\t\t<\/div>\n\t\t\t\t<div class=\"elementor-element elementor-element-edc8f8a elementor-widget elementor-widget-heading\" data-id=\"edc8f8a\" data-element_type=\"widget\" data-e-type=\"widget\" data-widget_type=\"heading.default\">\n\t\t\t\t<div class=\"elementor-widget-container\">\n\t\t\t\t\t<h2 class=\"elementor-heading-title elementor-size-default\">och vi formar den framtiden med  AcadeMedia Education.<\/h2>\t\t\t\t<\/div>\n\t\t\t\t<\/div>\n\t\t\t\t\t<\/div>\n\t\t\t\t<\/div>\n\t\t\t\t<\/div>\n\t\t<div class=\"elementor-element elementor-element-613eacb e-con-full e-flex e-con e-child\" data-id=\"613eacb\" data-element_type=\"container\" data-e-type=\"container\" data-settings=\"{&quot;background_background&quot;:&quot;classic&quot;}\">\n\t\t\t\t<\/div>\n\t\t\t\t<\/div>\n\t\t\t\t<section class=\"elementor-section elementor-top-section elementor-element elementor-element-1d30e522 elementor-section-stretched elementor-section-boxed elementor-section-height-default elementor-section-height-default\" data-id=\"1d30e522\" data-element_type=\"section\" data-e-type=\"section\" data-settings=\"{&quot;stretch_section&quot;:&quot;section-stretched&quot;,&quot;background_background&quot;:&quot;classic&quot;}\">\n\t\t\t\t\t\t<div class=\"elementor-container elementor-column-gap-default\">\n\t\t\t\t\t<div class=\"elementor-column elementor-col-100 elementor-top-column elementor-element elementor-element-7a255b9c\" data-id=\"7a255b9c\" data-element_type=\"column\" data-e-type=\"column\">\n\t\t\t<div class=\"elementor-widget-wrap elementor-element-populated\">\n\t\t\t\t\t\t<div class=\"elementor-element elementor-element-f09007a elementor-widget elementor-widget-text-editor\" data-id=\"f09007a\" data-element_type=\"widget\" data-e-type=\"widget\" data-widget_type=\"text-editor.default\">\n\t\t\t\t<div class=\"elementor-widget-container\">\n\t\t\t\t\t\t\t\t\t<p>AcadeMedia Education GmbH \u00e4r en del av den skandinaviska utbildningskoncernen AcadeMedia AB. Vi har gjort det till v\u00e5r uppgift att utveckla nya och innovativa undervisningskoncept. V\u00e5ra elever p\u00e5 allm\u00e4nna och yrkesinriktade skolor drar nytta av v\u00e5rt internationella utbildningsn\u00e4tverk.<\/p>\n<p>Det internationella utbytet med Sverige, Norge, England, Polen och Nederl\u00e4nderna gynnar ocks\u00e5 v\u00e5ra l\u00e4rare eftersom vi kan arbeta tillsammans med v\u00e5ra pedagogiska koncept och l\u00e4ra oss av varandra.<\/p>\n<p>Vi p\u00e5 AcadeMedia Education vill hj\u00e4lpa unga m\u00e4nniskor att komma ig\u00e5ng med livet och kvalificera dem f\u00f6r sina yrkesm\u00e5l.<\/p>\n\t\t\t\t\t\t\t\t<\/div>\n\t\t\t\t<\/div>\n\t\t\t\t\t<\/div>\n\t\t<\/div>\n\t\t\t\t\t<\/div>\n\t\t<\/section>\n\t\t<div class=\"elementor-element elementor-element-5223eb0 e-flex e-con-boxed e-con e-parent\" data-id=\"5223eb0\" data-element_type=\"container\" data-e-type=\"container\">\n\t\t\t\t\t<div class=\"e-con-inner\">\n\t\t\t\t\t<\/div>\n\t\t\t\t<\/div>\n\t\t<div class=\"elementor-element elementor-element-b56e99f e-flex e-con-boxed e-con e-parent\" data-id=\"b56e99f\" data-element_type=\"container\" data-e-type=\"container\" data-settings=\"{&quot;background_background&quot;:&quot;classic&quot;}\">\n\t\t\t\t\t<div class=\"e-con-inner\">\n\t\t<div class=\"elementor-element elementor-element-5bd9cbf e-con-full e-flex e-con e-child\" data-id=\"5bd9cbf\" data-element_type=\"container\" data-e-type=\"container\">\n\t\t\t\t<div class=\"elementor-element elementor-element-a2e9d15 elementor-widget elementor-widget-image\" data-id=\"a2e9d15\" data-element_type=\"widget\" data-e-type=\"widget\" data-widget_type=\"image.default\">\n\t\t\t\t<div class=\"elementor-widget-container\">\n\t\t\t\t\t\t\t\t\t\t\t\t\t\t\t<img fetchpriority=\"high\" decoding=\"async\" width=\"750\" height=\"500\" src=\"https:\/\/academedia.education\/wp-content\/uploads\/2023\/08\/750x500-Maedchen-mit-Farbe.jpg\" class=\"attachment-large size-large wp-image-1196\" alt=\"\" srcset=\"https:\/\/academedia.education\/wp-content\/uploads\/2023\/08\/750x500-Maedchen-mit-Farbe.jpg 750w, https:\/\/academedia.education\/wp-content\/uploads\/2023\/08\/750x500-Maedchen-mit-Farbe-300x200.jpg 300w\" sizes=\"(max-width: 750px) 100vw, 750px\" \/>\t\t\t\t\t\t\t\t\t\t\t\t\t\t\t<\/div>\n\t\t\t\t<\/div>\n\t\t\t\t<\/div>\n\t\t<div class=\"elementor-element elementor-element-c2dac36 e-con-full e-flex e-con e-child\" data-id=\"c2dac36\" data-element_type=\"container\" data-e-type=\"container\">\n\t\t\t\t<div class=\"elementor-element elementor-element-8a87429 elementor-widget elementor-widget-heading\" data-id=\"8a87429\" data-element_type=\"widget\" data-e-type=\"widget\" data-widget_type=\"heading.default\">\n\t\t\t\t<div class=\"elementor-widget-container\">\n\t\t\t\t\t<h2 class=\"elementor-heading-title elementor-size-default\">(F\u00f6r-) skolutbildning<\/h2>\t\t\t\t<\/div>\n\t\t\t\t<\/div>\n\t\t\t\t<div class=\"elementor-element elementor-element-56b671e elementor-widget elementor-widget-text-editor\" data-id=\"56b671e\" data-element_type=\"widget\" data-e-type=\"widget\" data-widget_type=\"text-editor.default\">\n\t\t\t\t<div class=\"elementor-widget-container\">\n\t\t\t\t\t\t\t\t\t<p>P\u00e5 v\u00e5ra daghem och i v\u00e5ra allm\u00e4nna skolor g\u00f6r vi det m\u00f6jligt f\u00f6r barn och ungdomar att f\u00f6rverkliga sin fulla potential och utvecklas optimalt. F\u00f6r detta \u00e4ndam\u00e5l utvecklar vi nya pedagogiska metoder, t\u00e4nker vidare och inspireras av v\u00e5ra elever &#8211; vi l\u00e4r oss med varandra, men framf\u00f6r allt av varandra.<\/p>\n\t\t\t\t\t\t\t\t<\/div>\n\t\t\t\t<\/div>\n\t\t\t\t<\/div>\n\t\t\t\t\t<\/div>\n\t\t\t\t<\/div>\n\t\t<div class=\"elementor-element elementor-element-36fe665 e-flex e-con-boxed e-con e-parent\" data-id=\"36fe665\" data-element_type=\"container\" data-e-type=\"container\">\n\t\t\t\t\t<div class=\"e-con-inner\">\n\t\t<div class=\"elementor-element elementor-element-13f5145 e-con-full e-flex e-con e-child\" data-id=\"13f5145\" data-element_type=\"container\" data-e-type=\"container\">\n\t\t\t\t<div class=\"elementor-element elementor-element-c9a3381 elementor-widget elementor-widget-heading\" data-id=\"c9a3381\" data-element_type=\"widget\" data-e-type=\"widget\" data-widget_type=\"heading.default\">\n\t\t\t\t<div class=\"elementor-widget-container\">\n\t\t\t\t\t<h2 class=\"elementor-heading-title elementor-size-default\">Yrkesutbildning<\/h2>\t\t\t\t<\/div>\n\t\t\t\t<\/div>\n\t\t\t\t<div class=\"elementor-element elementor-element-2c42829 elementor-widget elementor-widget-text-editor\" data-id=\"2c42829\" data-element_type=\"widget\" data-e-type=\"widget\" data-widget_type=\"text-editor.default\">\n\t\t\t\t<div class=\"elementor-widget-container\">\n\t\t\t\t\t\t\t\t\t<p>Vi f\u00f6ljer v\u00e5ra unga vuxna p\u00e5 v\u00e4gen mot deras yrkesm\u00e4ssiga framtid. V\u00e5ra yrkesskolor, yrkesh\u00f6gskolor och h\u00f6gskolor \u00e4r specialiserade p\u00e5 en m\u00e4ngd olika \u00e4mnesomr\u00e5den. F\u00f6rutom klassisk utbildning och studier erbjuds \u00e4ven studieintegrerad utbildning och deltidsstudiemodeller.<\/p>\n\t\t\t\t\t\t\t\t<\/div>\n\t\t\t\t<\/div>\n\t\t\t\t<\/div>\n\t\t<div class=\"elementor-element elementor-element-13bed76 e-con-full e-flex e-con e-child\" data-id=\"13bed76\" data-element_type=\"container\" data-e-type=\"container\">\n\t\t\t\t<div class=\"elementor-element elementor-element-c9179ee elementor-widget elementor-widget-image\" data-id=\"c9179ee\" data-element_type=\"widget\" data-e-type=\"widget\" data-widget_type=\"image.default\">\n\t\t\t\t<div class=\"elementor-widget-container\">\n\t\t\t\t\t\t\t\t\t\t\t\t\t\t\t<img decoding=\"async\" width=\"750\" height=\"500\" src=\"https:\/\/academedia.education\/wp-content\/uploads\/2023\/08\/750x500_Berufliche-Bildung.jpg\" class=\"attachment-large size-large wp-image-1200\" alt=\"\" srcset=\"https:\/\/academedia.education\/wp-content\/uploads\/2023\/08\/750x500_Berufliche-Bildung.jpg 750w, https:\/\/academedia.education\/wp-content\/uploads\/2023\/08\/750x500_Berufliche-Bildung-300x200.jpg 300w\" sizes=\"(max-width: 750px) 100vw, 750px\" \/>\t\t\t\t\t\t\t\t\t\t\t\t\t\t\t<\/div>\n\t\t\t\t<\/div>\n\t\t\t\t<\/div>\n\t\t\t\t\t<\/div>\n\t\t\t\t<\/div>\n\t\t<div class=\"elementor-element elementor-element-b15b14c e-flex e-con-boxed e-con e-parent\" data-id=\"b15b14c\" data-element_type=\"container\" data-e-type=\"container\" data-settings=\"{&quot;background_background&quot;:&quot;classic&quot;}\">\n\t\t\t\t\t<div class=\"e-con-inner\">\n\t\t<div class=\"elementor-element elementor-element-71d7975 e-con-full e-flex e-con e-child\" data-id=\"71d7975\" data-element_type=\"container\" data-e-type=\"container\">\n\t\t\t\t<div class=\"elementor-element elementor-element-226a2bb elementor-widget elementor-widget-image\" data-id=\"226a2bb\" data-element_type=\"widget\" data-e-type=\"widget\" data-widget_type=\"image.default\">\n\t\t\t\t<div class=\"elementor-widget-container\">\n\t\t\t\t\t\t\t\t\t\t\t\t\t\t\t<img decoding=\"async\" width=\"750\" height=\"500\" src=\"https:\/\/academedia.education\/wp-content\/uploads\/2023\/08\/750x500_Erwachsenen-Bildung.jpg\" class=\"attachment-large size-large wp-image-1202\" alt=\"\" srcset=\"https:\/\/academedia.education\/wp-content\/uploads\/2023\/08\/750x500_Erwachsenen-Bildung.jpg 750w, https:\/\/academedia.education\/wp-content\/uploads\/2023\/08\/750x500_Erwachsenen-Bildung-300x200.jpg 300w\" sizes=\"(max-width: 750px) 100vw, 750px\" \/>\t\t\t\t\t\t\t\t\t\t\t\t\t\t\t<\/div>\n\t\t\t\t<\/div>\n\t\t\t\t<\/div>\n\t\t<div class=\"elementor-element elementor-element-8ac0913 e-con-full e-flex e-con e-child\" data-id=\"8ac0913\" data-element_type=\"container\" data-e-type=\"container\">\n\t\t\t\t<div class=\"elementor-element elementor-element-c603e86 elementor-widget elementor-widget-heading\" data-id=\"c603e86\" data-element_type=\"widget\" data-e-type=\"widget\" data-widget_type=\"heading.default\">\n\t\t\t\t<div class=\"elementor-widget-container\">\n\t\t\t\t\t<h2 class=\"elementor-heading-title elementor-size-default\">Vuxenutbildning<\/h2>\t\t\t\t<\/div>\n\t\t\t\t<\/div>\n\t\t\t\t<div class=\"elementor-element elementor-element-c952fd7 elementor-widget elementor-widget-text-editor\" data-id=\"c952fd7\" data-element_type=\"widget\" data-e-type=\"widget\" data-widget_type=\"text-editor.default\">\n\t\t\t\t<div class=\"elementor-widget-container\">\n\t\t\t\t\t\t\t\t\t<p>I v\u00e5ra vuxenutbildningsinstitutioner fr\u00e4mjar vi utbildning och vidareutveckling av personliga kompetenser och f\u00e4rdigheter. F\u00f6r detta \u00e4ndam\u00e5l erbjuder vi ett omfattande utbud av kurser, projekt och utbildningar.<\/p>\n\t\t\t\t\t\t\t\t<\/div>\n\t\t\t\t<\/div>\n\t\t\t\t<\/div>\n\t\t\t\t\t<\/div>\n\t\t\t\t<\/div>\n\t\t<div class=\"elementor-element elementor-element-1e98adb e-flex e-con-boxed e-con e-parent\" data-id=\"1e98adb\" data-element_type=\"container\" data-e-type=\"container\" data-settings=\"{&quot;background_background&quot;:&quot;classic&quot;}\">\n\t\t\t\t\t<div class=\"e-con-inner\">\n\t\t<div class=\"elementor-element elementor-element-6e8948c e-con-full e-flex e-con e-child\" data-id=\"6e8948c\" data-element_type=\"container\" data-e-type=\"container\">\n\t\t\t\t<div class=\"elementor-element elementor-element-fa4e1de elementor-widget elementor-widget-heading\" data-id=\"fa4e1de\" data-element_type=\"widget\" data-e-type=\"widget\" data-widget_type=\"heading.default\">\n\t\t\t\t<div class=\"elementor-widget-container\">\n\t\t\t\t\t<h2 class=\"elementor-heading-title elementor-size-default\">V\u00e5ra varum\u00e4rken<\/h2>\t\t\t\t<\/div>\n\t\t\t\t<\/div>\n\t\t\t\t<div class=\"elementor-element elementor-element-7f714c3 elementor-widget elementor-widget-text-editor\" data-id=\"7f714c3\" data-element_type=\"widget\" data-e-type=\"widget\" data-widget_type=\"text-editor.default\">\n\t\t\t\t<div class=\"elementor-widget-container\">\n\t\t\t\t\t\t\t\t\t<p>F\u00f6r v\u00e5r vision om framtidsinriktad utbildning f\u00f6renar vi starka varum\u00e4rken i tysktalande europeiska l\u00e4nder som lever f\u00f6r utbildning och uppfostran av barn, ungdomar och vuxna lika mycket som vi g\u00f6r.<\/p>\n\t\t\t\t\t\t\t\t<\/div>\n\t\t\t\t<\/div>\n\t\t\t\t<div class=\"elementor-element elementor-element-f9cb44e elementor-widget elementor-widget-image\" data-id=\"f9cb44e\" data-element_type=\"widget\" data-e-type=\"widget\" data-widget_type=\"image.default\">\n\t\t\t\t<div class=\"elementor-widget-container\">\n\t\t\t\t\t\t\t\t\t\t\t\t\t\t\t\t<a href=\"https:\/\/academedia.education\/sv\/vaara-varumaerken\/\">\n\t\t\t\t\t\t\t<img decoding=\"async\" src=\"https:\/\/academedia.education\/wp-content\/uploads\/elementor\/thumbs\/2023_08_30_AME_Pfeile_Webseite-Mint-Gruen-qbo6g382vdm90p149vevyfrdmxj5xhook9qsrrx52q.png\" title=\"2023_08_30_AME_Pfeile_Webseite-Mint-Gr\u00fcn\" alt=\"2023_08_30_AME_Pfeile_Webseite-Mint-Gr\u00fcn\" loading=\"lazy\" \/>\t\t\t\t\t\t\t\t<\/a>\n\t\t\t\t\t\t\t\t\t\t\t\t\t\t\t<\/div>\n\t\t\t\t<\/div>\n\t\t\t\t<\/div>\n\t\t<div class=\"elementor-element elementor-element-6d9cad4 e-con-full e-flex e-con e-child\" data-id=\"6d9cad4\" data-element_type=\"container\" data-e-type=\"container\">\n\t\t\t\t<div class=\"elementor-element elementor-element-377de17 elementor-widget elementor-widget-image\" data-id=\"377de17\" data-element_type=\"widget\" data-e-type=\"widget\" data-widget_type=\"image.default\">\n\t\t\t\t<div class=\"elementor-widget-container\">\n\t\t\t\t\t\t\t\t\t\t\t\t\t\t\t<img loading=\"lazy\" decoding=\"async\" width=\"750\" height=\"501\" src=\"https:\/\/academedia.education\/wp-content\/uploads\/2023\/08\/750x500_Ueber-uns.jpg\" class=\"attachment-large size-large wp-image-1204\" alt=\"\" srcset=\"https:\/\/academedia.education\/wp-content\/uploads\/2023\/08\/750x500_Ueber-uns.jpg 750w, https:\/\/academedia.education\/wp-content\/uploads\/2023\/08\/750x500_Ueber-uns-300x200.jpg 300w\" sizes=\"(max-width: 750px) 100vw, 750px\" \/>\t\t\t\t\t\t\t\t\t\t\t\t\t\t\t<\/div>\n\t\t\t\t<\/div>\n\t\t\t\t<\/div>\n\t\t\t\t\t<\/div>\n\t\t\t\t<\/div>\n\t\t\t\t<section class=\"elementor-section elementor-top-section elementor-element elementor-element-dc4ba9a elementor-section-stretched elementor-section-boxed elementor-section-height-default elementor-section-height-default\" data-id=\"dc4ba9a\" data-element_type=\"section\" data-e-type=\"section\" data-settings=\"{&quot;stretch_section&quot;:&quot;section-stretched&quot;}\">\n\t\t\t\t\t\t<div class=\"elementor-container elementor-column-gap-default\">\n\t\t\t\t\t<div class=\"elementor-column elementor-col-100 elementor-top-column elementor-element elementor-element-4266112\" data-id=\"4266112\" data-element_type=\"column\" data-e-type=\"column\">\n\t\t\t<div class=\"elementor-widget-wrap elementor-element-populated\">\n\t\t\t\t<div class=\"elementor-element elementor-element-0fed29b e-flex e-con-boxed e-con e-parent\" data-id=\"0fed29b\" data-element_type=\"container\" data-e-type=\"container\">\n\t\t\t\t\t<div class=\"e-con-inner\">\n\t\t\t\t\t<\/div>\n\t\t\t\t<\/div>\n\t\t\t\t\t<\/div>\n\t\t<\/div>\n\t\t\t\t\t<\/div>\n\t\t<\/section>\n\t\t<div class=\"elementor-element elementor-element-644dd89 e-flex e-con-boxed e-con e-parent\" data-id=\"644dd89\" data-element_type=\"container\" data-e-type=\"container\">\n\t\t\t\t\t<div class=\"e-con-inner\">\n\t\t\t\t<div class=\"elementor-element elementor-element-55280a0 elementor-widget elementor-widget-testimonial\" data-id=\"55280a0\" data-element_type=\"widget\" data-e-type=\"widget\" data-widget_type=\"testimonial.default\">\n\t\t\t\t<div class=\"elementor-widget-container\">\n\t\t\t\t\t\t\t<div class=\"elementor-testimonial-wrapper\">\n\t\t\t\n\t\t\t\t\t\t<div class=\"elementor-testimonial-meta elementor-has-image elementor-testimonial-image-position-aside\">\n\t\t\t\t<div class=\"elementor-testimonial-meta-inner\">\n\t\t\t\t\t\t\t\t\t\t\t<div class=\"elementor-testimonial-image\">\n\t\t\t\t\t\t\t<img loading=\"lazy\" decoding=\"async\" width=\"2173\" height=\"2013\" src=\"https:\/\/academedia.education\/wp-content\/uploads\/2023\/08\/Pressefoto-Daniel-Frech.png\" class=\"attachment-full size-full wp-image-188\" alt=\"\" srcset=\"https:\/\/academedia.education\/wp-content\/uploads\/2023\/08\/Pressefoto-Daniel-Frech.png 2173w, https:\/\/academedia.education\/wp-content\/uploads\/2023\/08\/Pressefoto-Daniel-Frech-300x278.png 300w, https:\/\/academedia.education\/wp-content\/uploads\/2023\/08\/Pressefoto-Daniel-Frech-1024x949.png 1024w, https:\/\/academedia.education\/wp-content\/uploads\/2023\/08\/Pressefoto-Daniel-Frech-768x711.png 768w, https:\/\/academedia.education\/wp-content\/uploads\/2023\/08\/Pressefoto-Daniel-Frech-1536x1423.png 1536w, https:\/\/academedia.education\/wp-content\/uploads\/2023\/08\/Pressefoto-Daniel-Frech-2048x1897.png 2048w\" sizes=\"(max-width: 2173px) 100vw, 2173px\" \/>\t\t\t\t\t\t<\/div>\n\t\t\t\t\t\n\t\t\t\t\t\t\t\t\t\t<div class=\"elementor-testimonial-details\">\n\t\t\t\t\t\t\t\t\t\t\t\t\t\t<div class=\"elementor-testimonial-name\">Daniel Frech<\/div>\n\t\t\t\t\t\t\t\t\t\t\t\t\t\t\t\t\t\t\t\t\t\t<div class=\"elementor-testimonial-job\">VD f\u00f6r AcadeMedia Education GmbH<\/div>\n\t\t\t\t\t\t\t\t\t\t\t\t\t<\/div>\n\t\t\t\t\t\t\t\t\t<\/div>\n\t\t\t<\/div>\n\t\t\t\t\t<\/div>\n\t\t\t\t\t\t<\/div>\n\t\t\t\t<\/div>\n\t\t\t\t\t<\/div>\n\t\t\t\t<\/div>\n\t\t<div class=\"elementor-element elementor-element-1ae7ff0 e-con-full e-flex e-con e-parent\" data-id=\"1ae7ff0\" data-element_type=\"container\" data-e-type=\"container\">\n\t\t\t\t<div class=\"elementor-element elementor-element-ef93673 elementor-widget-divider--view-line elementor-widget elementor-widget-divider\" data-id=\"ef93673\" data-element_type=\"widget\" data-e-type=\"widget\" data-widget_type=\"divider.default\">\n\t\t\t\t<div class=\"elementor-widget-container\">\n\t\t\t\t\t\t\t<div class=\"elementor-divider\">\n\t\t\t<span class=\"elementor-divider-separator\">\n\t\t\t\t\t\t<\/span>\n\t\t<\/div>\n\t\t\t\t\t\t<\/div>\n\t\t\t\t<\/div>\n\t\t<div class=\"elementor-element elementor-element-dbbad9c e-flex e-con-boxed e-con e-child\" data-id=\"dbbad9c\" data-element_type=\"container\" data-e-type=\"container\">\n\t\t\t\t\t<div class=\"e-con-inner\">\n\t\t\t\t<div class=\"elementor-element elementor-element-904918d elementor-widget elementor-widget-text-editor\" data-id=\"904918d\" data-element_type=\"widget\" data-e-type=\"widget\" data-widget_type=\"text-editor.default\">\n\t\t\t\t<div class=\"elementor-widget-container\">\n\t\t\t\t\t\t\t\t\t<p><strong>Genus notering: <\/strong><br \/>F\u00f6r b\u00e4ttre l\u00e4sbarhet har vi valt en k\u00f6nsneutral form f\u00f6r personnamn och personliga substantiv. Vi vill p\u00e5peka att detta g\u00f6rs av rent redaktionella sk\u00e4l och inte inneb\u00e4r n\u00e5gon v\u00e4rdering. Naturligtvis g\u00e4ller informationen alla k\u00f6n.<\/p>\n\t\t\t\t\t\t\t\t<\/div>\n\t\t\t\t<\/div>\n\t\t\t\t<div class=\"elementor-element elementor-element-f7d29c4 elementor-widget elementor-widget-spacer\" data-id=\"f7d29c4\" data-element_type=\"widget\" data-e-type=\"widget\" data-widget_type=\"spacer.default\">\n\t\t\t\t<div class=\"elementor-widget-container\">\n\t\t\t\t\t\t\t<div class=\"elementor-spacer\">\n\t\t\t<div class=\"elementor-spacer-inner\"><\/div>\n\t\t<\/div>\n\t\t\t\t\t\t<\/div>\n\t\t\t\t<\/div>\n\t\t\t\t\t<\/div>\n\t\t\t\t<\/div>\n\t\t\t\t<\/div>\n\t\t\t\t<\/div>\n\t\t","protected":false},"excerpt":{"rendered":"<p>Utbildning \u00e4r Framtiden \u2013 och vi formar den framtiden med AcadeMedia Education. AcadeMedia Education GmbH \u00e4r en del av den [&hellip;]<\/p>\n","protected":false},"author":1,"featured_media":0,"parent":0,"menu_order":0,"comment_status":"closed","ping_status":"closed","template":"","meta":{"site-sidebar-layout":"default","site-content-layout":"","ast-site-content-layout":"full-width-container","site-content-style":"default","site-sidebar-style":"default","ast-global-header-display":"","ast-banner-title-visibility":"","ast-main-header-display":"","ast-hfb-above-header-display":"","ast-hfb-below-header-display":"","ast-hfb-mobile-header-display":"","site-post-title":"disabled","ast-breadcrumbs-content":"","ast-featured-img":"","footer-sml-layout":"","ast-disable-related-posts":"","theme-transparent-header-meta":"default","adv-header-id-meta":"","stick-header-meta":"","header-above-stick-meta":"","header-main-stick-meta":"","header-below-stick-meta":"","astra-migrate-meta-layouts":"default","ast-page-background-enabled":"default","ast-page-background-meta":{"desktop":{"background-color":"var(--ast-global-color-5)","background-image":"","background-repeat":"repeat","background-position":"center center","background-size":"auto","background-attachment":"scroll","background-type":"","background-media":"","overlay-type":"","overlay-color":"","overlay-opacity":"","overlay-gradient":""},"tablet":{"background-color":"","background-image":"","background-repeat":"repeat","background-position":"center center","background-size":"auto","background-attachment":"scroll","background-type":"","background-media":"","overlay-type":"","overlay-color":"","overlay-opacity":"","overlay-gradient":""},"mobile":{"background-color":"","background-image":"","background-repeat":"repeat","background-position":"center center","background-size":"auto","background-attachment":"scroll","background-type":"","background-media":"","overlay-type":"","overlay-color":"","overlay-opacity":"","overlay-gradient":""}},"ast-content-background-meta":{"desktop":{"background-color":"var(--ast-global-color-4)","background-image":"","background-repeat":"repeat","background-position":"center center","background-size":"auto","background-attachment":"scroll","background-type":"","background-media":"","overlay-type":"","overlay-color":"","overlay-opacity":"","overlay-gradient":""},"tablet":{"background-color":"var(--ast-global-color-4)","background-image":"","background-repeat":"repeat","background-position":"center center","background-size":"auto","background-attachment":"scroll","background-type":"","background-media":"","overlay-type":"","overlay-color":"","overlay-opacity":"","overlay-gradient":""},"mobile":{"background-color":"var(--ast-global-color-4)","background-image":"","background-repeat":"repeat","background-position":"center center","background-size":"auto","background-attachment":"scroll","background-type":"","background-media":"","overlay-type":"","overlay-color":"","overlay-opacity":"","overlay-gradient":""}},"footnotes":""},"class_list":["post-1246","page","type-page","status-publish","hentry"],"_links":{"self":[{"href":"https:\/\/academedia.education\/sv\/wp-json\/wp\/v2\/pages\/1246","targetHints":{"allow":["GET"]}}],"collection":[{"href":"https:\/\/academedia.education\/sv\/wp-json\/wp\/v2\/pages"}],"about":[{"href":"https:\/\/academedia.education\/sv\/wp-json\/wp\/v2\/types\/page"}],"author":[{"embeddable":true,"href":"https:\/\/academedia.education\/sv\/wp-json\/wp\/v2\/users\/1"}],"replies":[{"embeddable":true,"href":"https:\/\/academedia.education\/sv\/wp-json\/wp\/v2\/comments?post=1246"}],"version-history":[{"count":39,"href":"https:\/\/academedia.education\/sv\/wp-json\/wp\/v2\/pages\/1246\/revisions"}],"predecessor-version":[{"id":2961,"href":"https:\/\/academedia.education\/sv\/wp-json\/wp\/v2\/pages\/1246\/revisions\/2961"}],"wp:attachment":[{"href":"https:\/\/academedia.education\/sv\/wp-json\/wp\/v2\/media?parent=1246"}],"curies":[{"name":"wp","href":"https:\/\/api.w.org\/{rel}","templated":true}]}}