{"id":1264,"date":"2023-08-29T10:37:36","date_gmt":"2023-08-29T08:37:36","guid":{"rendered":"https:\/\/academedia.education\/vaara-varumaerken\/"},"modified":"2026-01-22T08:30:28","modified_gmt":"2026-01-22T07:30:28","slug":"vaara-varumaerken","status":"publish","type":"page","link":"https:\/\/academedia.education\/sv\/vaara-varumaerken\/","title":{"rendered":"V\u00e5ra varum\u00e4rken"},"content":{"rendered":"\t\t<div data-elementor-type=\"wp-page\" data-elementor-id=\"1264\" class=\"elementor elementor-1264 elementor-58\" data-elementor-post-type=\"page\">\n\t\t\t\t<div class=\"elementor-element elementor-element-2ab2584 e-con-full e-flex e-con e-parent\" data-id=\"2ab2584\" data-element_type=\"container\" data-e-type=\"container\" data-settings=\"{&quot;background_background&quot;:&quot;classic&quot;}\">\n\t\t<div class=\"elementor-element elementor-element-ba926ba e-con-full e-flex e-con e-child\" data-id=\"ba926ba\" data-element_type=\"container\" data-e-type=\"container\">\n\t\t<div class=\"elementor-element elementor-element-ed96f04 e-flex e-con-boxed e-con e-child\" data-id=\"ed96f04\" data-element_type=\"container\" data-e-type=\"container\">\n\t\t\t\t\t<div class=\"e-con-inner\">\n\t\t\t\t<div class=\"elementor-element elementor-element-841e274 elementor-widget elementor-widget-heading\" data-id=\"841e274\" data-element_type=\"widget\" data-e-type=\"widget\" data-widget_type=\"heading.default\">\n\t\t\t\t<div class=\"elementor-widget-container\">\n\t\t\t\t\t<h2 class=\"elementor-heading-title elementor-size-default\">Kvalitetsgemenskap<\/h2>\t\t\t\t<\/div>\n\t\t\t\t<\/div>\n\t\t\t\t<div class=\"elementor-element elementor-element-6064994 elementor-widget elementor-widget-image\" data-id=\"6064994\" data-element_type=\"widget\" data-e-type=\"widget\" data-widget_type=\"image.default\">\n\t\t\t\t<div class=\"elementor-widget-container\">\n\t\t\t\t\t\t\t\t\t\t\t\t\t\t\t<img fetchpriority=\"high\" decoding=\"async\" width=\"2560\" height=\"574\" src=\"https:\/\/academedia.education\/wp-content\/uploads\/2025\/12\/2023_01_19_AcadeMedia-School-Germany-logo-Schwarz-Markenschutz-FAWZ-000361-scaled.png\" class=\"attachment-full size-full wp-image-2967\" alt=\"\" srcset=\"https:\/\/academedia.education\/wp-content\/uploads\/2025\/12\/2023_01_19_AcadeMedia-School-Germany-logo-Schwarz-Markenschutz-FAWZ-000361-scaled.png 2560w, https:\/\/academedia.education\/wp-content\/uploads\/2025\/12\/2023_01_19_AcadeMedia-School-Germany-logo-Schwarz-Markenschutz-FAWZ-000361-300x67.png 300w, https:\/\/academedia.education\/wp-content\/uploads\/2025\/12\/2023_01_19_AcadeMedia-School-Germany-logo-Schwarz-Markenschutz-FAWZ-000361-1024x230.png 1024w, https:\/\/academedia.education\/wp-content\/uploads\/2025\/12\/2023_01_19_AcadeMedia-School-Germany-logo-Schwarz-Markenschutz-FAWZ-000361-768x172.png 768w, https:\/\/academedia.education\/wp-content\/uploads\/2025\/12\/2023_01_19_AcadeMedia-School-Germany-logo-Schwarz-Markenschutz-FAWZ-000361-1536x345.png 1536w, https:\/\/academedia.education\/wp-content\/uploads\/2025\/12\/2023_01_19_AcadeMedia-School-Germany-logo-Schwarz-Markenschutz-FAWZ-000361-2048x459.png 2048w\" sizes=\"(max-width: 2560px) 100vw, 2560px\" \/>\t\t\t\t\t\t\t\t\t\t\t\t\t\t\t<\/div>\n\t\t\t\t<\/div>\n\t\t\t\t\t<\/div>\n\t\t\t\t<\/div>\n\t\t\t\t<\/div>\n\t\t<div class=\"elementor-element elementor-element-7dcea61 e-con-full e-flex e-con e-child\" data-id=\"7dcea61\" data-element_type=\"container\" data-e-type=\"container\" data-settings=\"{&quot;background_background&quot;:&quot;classic&quot;}\">\n\t\t\t\t<\/div>\n\t\t\t\t<\/div>\n\t\t\t\t<section class=\"elementor-section elementor-top-section elementor-element elementor-element-a773cc7 elementor-section-stretched elementor-section-boxed elementor-section-height-default elementor-section-height-default\" data-id=\"a773cc7\" data-element_type=\"section\" data-e-type=\"section\" data-settings=\"{&quot;stretch_section&quot;:&quot;section-stretched&quot;}\">\n\t\t\t\t\t\t<div class=\"elementor-container elementor-column-gap-default\">\n\t\t\t\t\t<div class=\"elementor-column elementor-col-100 elementor-top-column elementor-element elementor-element-c9ff371\" data-id=\"c9ff371\" data-element_type=\"column\" data-e-type=\"column\">\n\t\t\t<div class=\"elementor-widget-wrap elementor-element-populated\">\n\t\t\t\t<div class=\"elementor-element elementor-element-6160362 e-flex e-con-boxed e-con e-parent\" data-id=\"6160362\" data-element_type=\"container\" data-e-type=\"container\">\n\t\t\t\t\t<div class=\"e-con-inner\">\n\t\t\t\t<div class=\"elementor-element elementor-element-5d0a3b2 elementor-widget elementor-widget-text-editor\" data-id=\"5d0a3b2\" data-element_type=\"widget\" data-e-type=\"widget\" data-widget_type=\"text-editor.default\">\n\t\t\t\t<div class=\"elementor-widget-container\">\n\t\t\t\t\t\t\t\t\t<p>I en st\u00e4ndigt f\u00f6r\u00e4nderlig v\u00e4rld \u00e4r kvaliteten p\u00e5 utbildningen avg\u00f6rande f\u00f6r hur v\u00e5rt samh\u00e4lle kommer att se ut i framtiden. Med innovativa koncept som kombinerar b\u00e5de traditionella och moderna pedagogiska metoder fokuserar vi p\u00e5 kvalitet och h\u00e5llbarhet.<\/p><p>V\u00e5ra varum\u00e4rken b\u00e4r stolt kvalitetsst\u00e4mpeln AcadeMedia School Germany, som st\u00e5r f\u00f6r h\u00f6gsta utbildningsstandard. Vi str\u00e4var efter utm\u00e4rkta l\u00e4roplaner, h\u00f6gt motiverade l\u00e4rare och en inspirerande inl\u00e4rningsmilj\u00f6. P\u00e5 s\u00e5 s\u00e4tt ser vi till att m\u00e4nniskor i alla \u00e5ldrar, fr\u00e5n sm\u00e5barn till vuxna, kan utveckla sin fulla potential. V\u00e5ra insatser fokuserar p\u00e5 att fr\u00e4mja sj\u00e4lvst\u00e4ndighet och kreativitet, st\u00e4rka kritiskt t\u00e4nkande och l\u00e4ra ut probleml\u00f6sningsf\u00f6rm\u00e5ga. Vi uppmuntrar nyfikenhet och ett st\u00e4ndigt s\u00f6kande efter innovativa metoder f\u00f6r att aktivt forma v\u00e4rlden. Det \u00e4r viktigt att integrera internationella perspektiv i utbildningen. V\u00e5ra anl\u00e4ggningar fr\u00e4mjar interkulturellt utbyte och ger m\u00f6jlighet att l\u00e4ra sig om olika kulturer och syns\u00e4tt. Detta g\u00f6r det m\u00f6jligt att b\u00e4ttre f\u00f6rbereda sig f\u00f6r utmaningarna i ett globalt samh\u00e4lle.<\/p>\t\t\t\t\t\t\t\t<\/div>\n\t\t\t\t<\/div>\n\t\t\t\t\t<\/div>\n\t\t\t\t<\/div>\n\t\t\t\t\t<\/div>\n\t\t<\/div>\n\t\t\t\t\t<\/div>\n\t\t<\/section>\n\t\t\t\t<section class=\"elementor-section elementor-top-section elementor-element elementor-element-3069f71 elementor-section-stretched elementor-section-boxed elementor-section-height-default elementor-section-height-default\" data-id=\"3069f71\" data-element_type=\"section\" data-e-type=\"section\" data-settings=\"{&quot;stretch_section&quot;:&quot;section-stretched&quot;}\">\n\t\t\t\t\t\t<div class=\"elementor-container elementor-column-gap-default\">\n\t\t\t\t\t<div class=\"elementor-column elementor-col-100 elementor-top-column elementor-element elementor-element-a7c6dfb\" data-id=\"a7c6dfb\" data-element_type=\"column\" data-e-type=\"column\">\n\t\t\t<div class=\"elementor-widget-wrap elementor-element-populated\">\n\t\t\t\t<div class=\"elementor-element elementor-element-095ad09 e-flex e-con-boxed e-con e-parent\" data-id=\"095ad09\" data-element_type=\"container\" data-e-type=\"container\">\n\t\t\t\t\t<div class=\"e-con-inner\">\n\t\t\t\t\t<\/div>\n\t\t\t\t<\/div>\n\t\t\t\t\t<\/div>\n\t\t<\/div>\n\t\t\t\t\t<\/div>\n\t\t<\/section>\n\t\t<div class=\"elementor-element elementor-element-b3b0f2c e-flex e-con-boxed e-con e-parent\" data-id=\"b3b0f2c\" data-element_type=\"container\" data-e-type=\"container\" data-settings=\"{&quot;background_background&quot;:&quot;classic&quot;}\">\n\t\t\t\t\t<div class=\"e-con-inner\">\n\t\t<div class=\"elementor-element elementor-element-30151e9 e-con-full e-flex e-con e-child\" data-id=\"30151e9\" data-element_type=\"container\" data-e-type=\"container\">\n\t\t\t\t<div class=\"elementor-element elementor-element-dac7a97 elementor-widget elementor-widget-image\" data-id=\"dac7a97\" data-element_type=\"widget\" data-e-type=\"widget\" data-widget_type=\"image.default\">\n\t\t\t\t<div class=\"elementor-widget-container\">\n\t\t\t\t\t\t\t\t\t\t\t\t\t\t\t<img decoding=\"async\" src=\"https:\/\/academedia.education\/wp-content\/uploads\/elementor\/thumbs\/FAWZ-Logo-420-KB-qbps89xurg4u2h8388rytzu312ndjvyjf4y9955nnk.png\" title=\"FAWZ-Logo-420-KB\" alt=\"FAWZ-Logo-420-KB\" loading=\"lazy\" \/>\t\t\t\t\t\t\t\t\t\t\t\t\t\t\t<\/div>\n\t\t\t\t<\/div>\n\t\t\t\t<\/div>\n\t\t<div class=\"elementor-element elementor-element-ec11d47 e-con-full e-flex e-con e-child\" data-id=\"ec11d47\" data-element_type=\"container\" data-e-type=\"container\">\n\t\t\t\t<div class=\"elementor-element elementor-element-54cb3b3 elementor-widget elementor-widget-text-editor\" data-id=\"54cb3b3\" data-element_type=\"widget\" data-e-type=\"widget\" data-widget_type=\"text-editor.default\">\n\t\t\t\t<div class=\"elementor-widget-container\">\n\t\t\t\t\t\t\t\t\t<p>F\u00fcrstenwalder Aus- und Weiterbildungszentrum gGmbH \u00e4r en etablerad utbildningsanordnare i Brandenburg. I portf\u00f6ljen ing\u00e5r ett centrum f\u00f6r yrkesutbildning och vidareutbildning, integrationsprogram inom barn-, ungdoms- och vuxenarbete samt kurser f\u00f6r spr\u00e5kutveckling. <span dir=\"ltr\" role=\"presentation\">FAWZ-familjen omfattar dessutom tv\u00e5 daghem, tv\u00e5 grundskolor med tillh\u00f6rande fritidshem, tv\u00e5 gymnasieskolor, tre samlingsskolor med gymnasieutbildning och en yrkesskola med integrerat distansutbildningscenter.<\/span> <\/p>\t\t\t\t\t\t\t\t<\/div>\n\t\t\t\t<\/div>\n\t\t\t\t<div class=\"elementor-element elementor-element-2986068 elementor-widget elementor-widget-image\" data-id=\"2986068\" data-element_type=\"widget\" data-e-type=\"widget\" data-widget_type=\"image.default\">\n\t\t\t\t<div class=\"elementor-widget-container\">\n\t\t\t\t\t\t\t\t\t\t\t\t\t\t\t\t<a href=\"http:\/\/www.fawz.de\" target=\"_blank\" rel=\"noopener\">\n\t\t\t\t\t\t\t<img decoding=\"async\" src=\"https:\/\/academedia.education\/wp-content\/uploads\/elementor\/thumbs\/2023_08_30_AME_Pfeile_Webseite-Mint-Gruen-qbo6g382vdm90p149vevyfrdmxj5xhook9qsrrx52q.png\" title=\"2023_08_30_AME_Pfeile_Webseite-Mint-Gr\u00fcn\" alt=\"2023_08_30_AME_Pfeile_Webseite-Mint-Gr\u00fcn\" loading=\"lazy\" \/>\t\t\t\t\t\t\t\t<\/a>\n\t\t\t\t\t\t\t\t\t\t\t\t\t\t\t<\/div>\n\t\t\t\t<\/div>\n\t\t\t\t<\/div>\n\t\t\t\t\t<\/div>\n\t\t\t\t<\/div>\n\t\t<div class=\"elementor-element elementor-element-1df4fad e-flex e-con-boxed e-con e-parent\" data-id=\"1df4fad\" data-element_type=\"container\" data-e-type=\"container\">\n\t\t\t\t\t<div class=\"e-con-inner\">\n\t\t<div class=\"elementor-element elementor-element-91fa0b9 e-con-full e-flex e-con e-child\" data-id=\"91fa0b9\" data-element_type=\"container\" data-e-type=\"container\">\n\t\t\t\t<div class=\"elementor-element elementor-element-3d20d56 elementor-widget elementor-widget-text-editor\" data-id=\"3d20d56\" data-element_type=\"widget\" data-e-type=\"widget\" data-widget_type=\"text-editor.default\">\n\t\t\t\t<div class=\"elementor-widget-container\">\n\t\t\t\t\t\t\t\t\t<p>Mediadesign Akademie \u00e4r en statligt erk\u00e4nd privat yrkesskola f\u00f6r design, internationell ekonomi och socialt arbete och ligger i ett attraktivt l\u00e4ge mitt i M\u00fcnchen och n\u00e4ra Isar-\u00e4ngarna. Hon anv\u00e4nder den senaste tekniken, s\u00e4rskilt iPads, f\u00f6r att f\u00f6rmedla utbildningsinneh\u00e5llet p\u00e5 ett modernt s\u00e4tt. De ljusa klassrummen \u00e4r utrustade med toppmodern utrustning (smartboards, whiteboard, beamer, visualiser). Ett sympatiskt och kompetent l\u00e4rarteam ser till att varje individ kan utnyttja sin inl\u00e4rningspotential fullt ut.<\/p>\t\t\t\t\t\t\t\t<\/div>\n\t\t\t\t<\/div>\n\t\t\t\t<div class=\"elementor-element elementor-element-651b6ee elementor-widget elementor-widget-image\" data-id=\"651b6ee\" data-element_type=\"widget\" data-e-type=\"widget\" data-widget_type=\"image.default\">\n\t\t\t\t<div class=\"elementor-widget-container\">\n\t\t\t\t\t\t\t\t\t\t\t\t\t\t\t\t<a href=\"https:\/\/www.mda-fos.de\/\" target=\"_blank\" rel=\"noopener\">\n\t\t\t\t\t\t\t<img decoding=\"async\" src=\"https:\/\/academedia.education\/wp-content\/uploads\/elementor\/thumbs\/2023_08_30_AME_Pfeile_Webseite-Mint-Gruen-qbo6g382vdm90p149vevyfrdmxj5xhook9qsrrx52q.png\" title=\"2023_08_30_AME_Pfeile_Webseite-Mint-Gr\u00fcn\" alt=\"2023_08_30_AME_Pfeile_Webseite-Mint-Gr\u00fcn\" loading=\"lazy\" \/>\t\t\t\t\t\t\t\t<\/a>\n\t\t\t\t\t\t\t\t\t\t\t\t\t\t\t<\/div>\n\t\t\t\t<\/div>\n\t\t\t\t<\/div>\n\t\t<div class=\"elementor-element elementor-element-58d541d e-con-full e-flex e-con e-child\" data-id=\"58d541d\" data-element_type=\"container\" data-e-type=\"container\" data-settings=\"{&quot;background_background&quot;:&quot;classic&quot;}\">\n\t\t\t\t<div class=\"elementor-element elementor-element-aaccc6a elementor-widget elementor-widget-image\" data-id=\"aaccc6a\" data-element_type=\"widget\" data-e-type=\"widget\" data-widget_type=\"image.default\">\n\t\t\t\t<div class=\"elementor-widget-container\">\n\t\t\t\t\t\t\t\t\t\t\t\t\t\t\t<img decoding=\"async\" src=\"https:\/\/academedia.education\/wp-content\/uploads\/elementor\/thumbs\/mdalogoPNG-qc3p4b70suwvgdse7ip9vbpvqe7ehenlmmruggf1sk.png\" title=\"mdalogoPNG\" alt=\"mdalogoPNG\" loading=\"lazy\" \/>\t\t\t\t\t\t\t\t\t\t\t\t\t\t\t<\/div>\n\t\t\t\t<\/div>\n\t\t\t\t<\/div>\n\t\t\t\t\t<\/div>\n\t\t\t\t<\/div>\n\t\t<div class=\"elementor-element elementor-element-d7bcae8 e-flex e-con-boxed e-con e-parent\" data-id=\"d7bcae8\" data-element_type=\"container\" data-e-type=\"container\" data-settings=\"{&quot;background_background&quot;:&quot;classic&quot;}\">\n\t\t\t\t\t<div class=\"e-con-inner\">\n\t\t<div class=\"elementor-element elementor-element-14fe4bd e-con-full e-flex e-con e-child\" data-id=\"14fe4bd\" data-element_type=\"container\" data-e-type=\"container\">\n\t\t\t\t<div class=\"elementor-element elementor-element-11e96fa elementor-widget elementor-widget-image\" data-id=\"11e96fa\" data-element_type=\"widget\" data-e-type=\"widget\" data-widget_type=\"image.default\">\n\t\t\t\t<div class=\"elementor-widget-container\">\n\t\t\t\t\t\t\t\t\t\t\t\t\t\t\t<img decoding=\"async\" width=\"200\" height=\"244\" src=\"https:\/\/academedia.education\/wp-content\/uploads\/2025\/05\/Dunkelblau-Loewe-200.jpg\" class=\"attachment-full size-full wp-image-2359\" alt=\"\" \/>\t\t\t\t\t\t\t\t\t\t\t\t\t\t\t<\/div>\n\t\t\t\t<\/div>\n\t\t\t\t<\/div>\n\t\t<div class=\"elementor-element elementor-element-2fd142f e-con-full e-flex e-con e-child\" data-id=\"2fd142f\" data-element_type=\"container\" data-e-type=\"container\">\n\t\t\t\t<div class=\"elementor-element elementor-element-ea4ea55 elementor-widget elementor-widget-text-editor\" data-id=\"ea4ea55\" data-element_type=\"widget\" data-e-type=\"widget\" data-widget_type=\"text-editor.default\">\n\t\t\t\t<div class=\"elementor-widget-container\">\n\t\t\t\t\t\t\t\t\t<p>Under varum\u00e4rket \u201dSchool International\u201d b\u00e4r Internationalen Schulen Potsdam (med tv\u00e5 daghem, grundskola och samlingsskola) och Internationale Gemeinschaftsschule Erfurt f\u00f6r att berika det lokala utbildningslandskapet. Som renommerade utbildningsinstitutioner s\u00e4tter skolorna standarden f\u00f6r enast\u00e5ende engelskspr\u00e5kig utbildning \u2013 fr\u00e5n f\u00f6rskola till gymnasieexamen. De innovativa digitala undervisningsmetoderna och den intensiva f\u00f6rberedelsen f\u00f6r studier och yrke st\u00f6der de cirka 1 200 eleverna i deras utveckling till v\u00e4rldsvana, kritiskt t\u00e4nkande personligheter.<\/p>\t\t\t\t\t\t\t\t<\/div>\n\t\t\t\t<\/div>\n\t\t\t\t<div class=\"elementor-element elementor-element-3138338 elementor-widget elementor-widget-image\" data-id=\"3138338\" data-element_type=\"widget\" data-e-type=\"widget\" data-widget_type=\"image.default\">\n\t\t\t\t<div class=\"elementor-widget-container\">\n\t\t\t\t\t\t\t\t\t\t\t\t\t\t\t\t<a href=\"https:\/\/school-international.de\/\" target=\"_blank\" rel=\"noopener\">\n\t\t\t\t\t\t\t<img decoding=\"async\" src=\"https:\/\/academedia.education\/wp-content\/uploads\/elementor\/thumbs\/2023_08_30_AME_Pfeile_Webseite-Mint-Gruen-qbo6g382vdm90p149vevyfrdmxj5xhook9qsrrx52q.png\" title=\"2023_08_30_AME_Pfeile_Webseite-Mint-Gr\u00fcn\" alt=\"2023_08_30_AME_Pfeile_Webseite-Mint-Gr\u00fcn\" loading=\"lazy\" \/>\t\t\t\t\t\t\t\t<\/a>\n\t\t\t\t\t\t\t\t\t\t\t\t\t\t\t<\/div>\n\t\t\t\t<\/div>\n\t\t\t\t<\/div>\n\t\t\t\t\t<\/div>\n\t\t\t\t<\/div>\n\t\t\t\t<\/div>\n\t\t","protected":false},"excerpt":{"rendered":"<p>Kvalitetsgemenskap I en st\u00e4ndigt f\u00f6r\u00e4nderlig v\u00e4rld \u00e4r kvaliteten p\u00e5 utbildningen avg\u00f6rande f\u00f6r hur v\u00e5rt samh\u00e4lle kommer att se ut i [&hellip;]<\/p>\n","protected":false},"author":1,"featured_media":0,"parent":0,"menu_order":10,"comment_status":"closed","ping_status":"closed","template":"","meta":{"site-sidebar-layout":"default","site-content-layout":"","ast-site-content-layout":"full-width-container","site-content-style":"default","site-sidebar-style":"default","ast-global-header-display":"","ast-banner-title-visibility":"","ast-main-header-display":"","ast-hfb-above-header-display":"","ast-hfb-below-header-display":"","ast-hfb-mobile-header-display":"","site-post-title":"","ast-breadcrumbs-content":"","ast-featured-img":"","footer-sml-layout":"","ast-disable-related-posts":"","theme-transparent-header-meta":"default","adv-header-id-meta":"","stick-header-meta":"","header-above-stick-meta":"","header-main-stick-meta":"","header-below-stick-meta":"","astra-migrate-meta-layouts":"set","ast-page-background-enabled":"default","ast-page-background-meta":{"desktop":{"background-color":"var(--ast-global-color-5)","background-image":"","background-repeat":"repeat","background-position":"center center","background-size":"auto","background-attachment":"scroll","background-type":"","background-media":"","overlay-type":"","overlay-color":"","overlay-opacity":"","overlay-gradient":""},"tablet":{"background-color":"","background-image":"","background-repeat":"repeat","background-position":"center center","background-size":"auto","background-attachment":"scroll","background-type":"","background-media":"","overlay-type":"","overlay-color":"","overlay-opacity":"","overlay-gradient":""},"mobile":{"background-color":"","background-image":"","background-repeat":"repeat","background-position":"center center","background-size":"auto","background-attachment":"scroll","background-type":"","background-media":"","overlay-type":"","overlay-color":"","overlay-opacity":"","overlay-gradient":""}},"ast-content-background-meta":{"desktop":{"background-color":"var(--ast-global-color-4)","background-image":"","background-repeat":"repeat","background-position":"center center","background-size":"auto","background-attachment":"scroll","background-type":"","background-media":"","overlay-type":"","overlay-color":"","overlay-opacity":"","overlay-gradient":""},"tablet":{"background-color":"var(--ast-global-color-4)","background-image":"","background-repeat":"repeat","background-position":"center center","background-size":"auto","background-attachment":"scroll","background-type":"","background-media":"","overlay-type":"","overlay-color":"","overlay-opacity":"","overlay-gradient":""},"mobile":{"background-color":"var(--ast-global-color-4)","background-image":"","background-repeat":"repeat","background-position":"center center","background-size":"auto","background-attachment":"scroll","background-type":"","background-media":"","overlay-type":"","overlay-color":"","overlay-opacity":"","overlay-gradient":""}},"footnotes":""},"class_list":["post-1264","page","type-page","status-publish","hentry"],"_links":{"self":[{"href":"https:\/\/academedia.education\/sv\/wp-json\/wp\/v2\/pages\/1264","targetHints":{"allow":["GET"]}}],"collection":[{"href":"https:\/\/academedia.education\/sv\/wp-json\/wp\/v2\/pages"}],"about":[{"href":"https:\/\/academedia.education\/sv\/wp-json\/wp\/v2\/types\/page"}],"author":[{"embeddable":true,"href":"https:\/\/academedia.education\/sv\/wp-json\/wp\/v2\/users\/1"}],"replies":[{"embeddable":true,"href":"https:\/\/academedia.education\/sv\/wp-json\/wp\/v2\/comments?post=1264"}],"version-history":[{"count":29,"href":"https:\/\/academedia.education\/sv\/wp-json\/wp\/v2\/pages\/1264\/revisions"}],"predecessor-version":[{"id":3114,"href":"https:\/\/academedia.education\/sv\/wp-json\/wp\/v2\/pages\/1264\/revisions\/3114"}],"wp:attachment":[{"href":"https:\/\/academedia.education\/sv\/wp-json\/wp\/v2\/media?parent=1264"}],"curies":[{"name":"wp","href":"https:\/\/api.w.org\/{rel}","templated":true}]}}