{"id":1269,"date":"2023-08-29T10:44:25","date_gmt":"2023-08-29T08:44:25","guid":{"rendered":"https:\/\/academedia.education\/karriaer\/"},"modified":"2025-12-18T13:53:32","modified_gmt":"2025-12-18T12:53:32","slug":"karriaer","status":"publish","type":"page","link":"https:\/\/academedia.education\/sv\/karriaer\/","title":{"rendered":"Karri\u00e4r"},"content":{"rendered":"\t\t<div data-elementor-type=\"wp-page\" data-elementor-id=\"1269\" class=\"elementor elementor-1269 elementor-62\" data-elementor-post-type=\"page\">\n\t\t\t\t<div class=\"elementor-element elementor-element-843ad85 e-con-full e-flex e-con e-parent\" data-id=\"843ad85\" data-element_type=\"container\" data-e-type=\"container\" data-settings=\"{&quot;background_background&quot;:&quot;classic&quot;,&quot;animation&quot;:&quot;none&quot;}\">\n\t\t<div class=\"elementor-element elementor-element-0d530c2 e-flex e-con-boxed e-con e-child\" data-id=\"0d530c2\" data-element_type=\"container\" data-e-type=\"container\" data-settings=\"{&quot;background_background&quot;:&quot;classic&quot;}\">\n\t\t\t\t\t<div class=\"e-con-inner\">\n\t\t\t\t<div class=\"elementor-element elementor-element-7490f59 elementor-widget elementor-widget-text-editor\" data-id=\"7490f59\" data-element_type=\"widget\" data-e-type=\"widget\" data-widget_type=\"text-editor.default\">\n\t\t\t\t<div class=\"elementor-widget-container\">\n\t\t\t\t\t\t\t\t\t<div class=\"flex flex-grow flex-col gap-3 max-w-full\"><div class=\"min-h-[20px] flex flex-col items-start gap-3 overflow-x-auto whitespace-pre-wrap break-words\"><div class=\"markdown prose w-full break-words dark:prose-invert light\"><div class=\"flex flex-grow flex-col gap-3 max-w-full\"><div class=\"min-h-[20px] flex flex-col items-start gap-3 overflow-x-auto whitespace-pre-wrap break-words\"><div class=\"markdown prose w-full break-words dark:prose-invert light\"><div class=\"flex flex-grow flex-col gap-3 max-w-full\"><div class=\"min-h-[20px] flex flex-col items-start gap-3 overflow-x-auto whitespace-pre-wrap break-words\"><div class=\"markdown prose w-full break-words dark:prose-invert light\"><div class=\"flex flex-grow flex-col gap-3 max-w-full\"><div class=\"min-h-[20px] flex flex-col items-start gap-3 overflow-x-auto whitespace-pre-wrap break-words\"><div class=\"markdown prose w-full break-words dark:prose-invert light\"><p>V\u00e5r vision \u00e4r att lyfta utbildningssektorn till en ny niv\u00e5 f\u00f6r att s\u00e4kerst\u00e4lla en utm\u00e4rkt utbildning f\u00f6r alla. I detta arbete \u00e4r v\u00e5ra medarbetare v\u00e5r viktigaste och mest v\u00e4rdefulla resurs. Endast tillsammans kan vi framg\u00e5ngsrikt f\u00f6rverkliga v\u00e5r vision om en framtidsinriktad utbildning.<\/p><\/div><\/div><\/div><\/div><\/div><\/div><\/div><\/div><\/div><\/div><\/div><\/div>\t\t\t\t\t\t\t\t<\/div>\n\t\t\t\t<\/div>\n\t\t\t\t\t<\/div>\n\t\t\t\t<\/div>\n\t\t<div class=\"elementor-element elementor-element-7da0baf e-con-full e-flex e-con e-child\" data-id=\"7da0baf\" data-element_type=\"container\" data-e-type=\"container\">\n\t\t<div class=\"elementor-element elementor-element-36382bd e-flex e-con-boxed e-con e-child\" data-id=\"36382bd\" data-element_type=\"container\" data-e-type=\"container\" data-settings=\"{&quot;background_background&quot;:&quot;classic&quot;}\">\n\t\t\t\t\t<div class=\"e-con-inner\">\n\t\t\t\t<div class=\"elementor-element elementor-element-3590f2b elementor-widget elementor-widget-heading\" data-id=\"3590f2b\" data-element_type=\"widget\" data-e-type=\"widget\" data-widget_type=\"heading.default\">\n\t\t\t\t<div class=\"elementor-widget-container\">\n\t\t\t\t\t<h2 class=\"elementor-heading-title elementor-size-default\"><b>L\u00e4rare med passion<\/b><br>Tillsammans formar <br>vi framtiden! <\/h2>\t\t\t\t<\/div>\n\t\t\t\t<\/div>\n\t\t\t\t\t<\/div>\n\t\t\t\t<\/div>\n\t\t<div class=\"elementor-element elementor-element-874a52e e-flex e-con-boxed e-con e-child\" data-id=\"874a52e\" data-element_type=\"container\" data-e-type=\"container\" data-settings=\"{&quot;background_background&quot;:&quot;classic&quot;}\">\n\t\t\t\t\t<div class=\"e-con-inner\">\n\t\t\t\t<div class=\"elementor-element elementor-element-a6198b1 elementor-widget elementor-widget-heading\" data-id=\"a6198b1\" data-element_type=\"widget\" data-e-type=\"widget\" data-widget_type=\"heading.default\">\n\t\t\t\t<div class=\"elementor-widget-container\">\n\t\t\t\t\t<h2 class=\"elementor-heading-title elementor-size-default\"><b>Karri\u00e4rbytare<\/b><br>Er yrkeserfarenhet \u00e4r en m\u00f6jlighet f\u00f6r en hel generation!<\/h2>\t\t\t\t<\/div>\n\t\t\t\t<\/div>\n\t\t\t\t\t<\/div>\n\t\t\t\t<\/div>\n\t\t<div class=\"elementor-element elementor-element-8c87db7 e-flex e-con-boxed e-con e-child\" data-id=\"8c87db7\" data-element_type=\"container\" data-e-type=\"container\" data-settings=\"{&quot;background_background&quot;:&quot;classic&quot;}\">\n\t\t\t\t\t<div class=\"e-con-inner\">\n\t\t\t\t<div class=\"elementor-element elementor-element-5c93f2c elementor-widget elementor-widget-heading\" data-id=\"5c93f2c\" data-element_type=\"widget\" data-e-type=\"widget\" data-widget_type=\"heading.default\">\n\t\t\t\t<div class=\"elementor-widget-container\">\n\t\t\t\t\t<h2 class=\"elementor-heading-title elementor-size-default\"><b>Referendare<\/b><br>Arkitekter av en <br>ny generation!<\/h2>\t\t\t\t<\/div>\n\t\t\t\t<\/div>\n\t\t\t\t\t<\/div>\n\t\t\t\t<\/div>\n\t\t<div class=\"elementor-element elementor-element-8b7234f e-flex e-con-boxed e-con e-child\" data-id=\"8b7234f\" data-element_type=\"container\" data-e-type=\"container\" data-settings=\"{&quot;background_background&quot;:&quot;classic&quot;}\">\n\t\t\t\t\t<div class=\"e-con-inner\">\n\t\t\t\t<div class=\"elementor-element elementor-element-cf20a3d elementor-widget elementor-widget-heading\" data-id=\"cf20a3d\" data-element_type=\"widget\" data-e-type=\"widget\" data-widget_type=\"heading.default\">\n\t\t\t\t<div class=\"elementor-widget-container\">\n\t\t\t\t\t<h2 class=\"elementor-heading-title elementor-size-default\"><b>Pedagog, specialpedagog och socialpedagog<\/b><br>Vi f\u00f6ljer med <br>hj\u00e4rtat och f\u00f6rst\u00e5ndet! <\/h2>\t\t\t\t<\/div>\n\t\t\t\t<\/div>\n\t\t\t\t\t<\/div>\n\t\t\t\t<\/div>\n\t\t\t\t<\/div>\n\t\t\t\t<\/div>\n\t\t<div class=\"elementor-element elementor-element-414dd95 e-flex e-con-boxed e-con e-parent\" data-id=\"414dd95\" data-element_type=\"container\" data-e-type=\"container\">\n\t\t\t\t\t<div class=\"e-con-inner\">\n\t\t\t\t<div class=\"elementor-element elementor-element-c893524 elementor-widget elementor-widget-heading\" data-id=\"c893524\" data-element_type=\"widget\" data-e-type=\"widget\" data-widget_type=\"heading.default\">\n\t\t\t\t<div class=\"elementor-widget-container\">\n\t\t\t\t\t<h2 class=\"elementor-heading-title elementor-size-default\">V\u00e5ra lediga tj\u00e4nster<\/h2>\t\t\t\t<\/div>\n\t\t\t\t<\/div>\n\t\t\t\t\t<\/div>\n\t\t\t\t<\/div>\n\t\t<div class=\"elementor-element elementor-element-a66ca83 e-flex e-con-boxed e-con e-parent\" data-id=\"a66ca83\" data-element_type=\"container\" data-e-type=\"container\">\n\t\t\t\t\t<div class=\"e-con-inner\">\n\t\t\t\t<div class=\"elementor-element elementor-element-28b391f elementor-widget elementor-widget-html\" data-id=\"28b391f\" data-element_type=\"widget\" data-e-type=\"widget\" data-widget_type=\"html.default\">\n\t\t\t\t<div class=\"elementor-widget-container\">\n\t\t\t\t\t<div style=\"position: relative; width: 100%; overflow: hidden;\">\n  <iframe \n    id=\"personio-iframe\"\n    src=\"https:\/\/academediaeducation-gmbh.jobs.personio.de\/\"\n    style=\"border: none; width: 1px; min-width: 100%;\"\n  ><\/iframe>\n<\/div>\n\n<script>\n  const iframe = document.querySelector('#personio-iframe');\n  let firstLoad = true; \/\/ Merker f\u00fcr den ersten Aufruf\n\n  window.addEventListener('message', function(e) {\n    const eventName = e.data[0];\n    const data = e.data[1];\n\n    switch (eventName) {\n      case 'setHeight':\n        iframe.style.height = data + 'px';\n\n        \/\/ Nur ab dem zweiten Aufruf scrollen\n        if (!firstLoad) {\n          const iframeTop = iframe.getBoundingClientRect().top + window.scrollY;\n          window.scrollTo({ top: iframeTop, behavior: 'smooth' });\n        } else {\n          firstLoad = false; \/\/ Ab jetzt scrollen erlauben\n        }\n        break;\n    }\n  }, false);\n<\/script>\n\t\t\t\t<\/div>\n\t\t\t\t<\/div>\n\t\t\t\t\t<\/div>\n\t\t\t\t<\/div>\n\t\t<div class=\"elementor-element elementor-element-bae02e3 e-con-full e-flex e-con e-parent\" data-id=\"bae02e3\" data-element_type=\"container\" data-e-type=\"container\">\n\t\t<div class=\"elementor-element elementor-element-2019b10 e-flex e-con-boxed e-con e-child\" data-id=\"2019b10\" data-element_type=\"container\" data-e-type=\"container\">\n\t\t\t\t\t<div class=\"e-con-inner\">\n\t\t\t\t<div class=\"elementor-element elementor-element-8b3efba elementor-widget elementor-widget-text-editor\" data-id=\"8b3efba\" data-element_type=\"widget\" data-e-type=\"widget\" data-widget_type=\"text-editor.default\">\n\t\t\t\t<div class=\"elementor-widget-container\">\n\t\t\t\t\t\t\t\t\t<p><strong>Genus notering: <\/strong><br \/>F\u00f6r b\u00e4ttre l\u00e4sbarhet har vi valt en k\u00f6nsneutral form f\u00f6r personnamn och personliga substantiv. Vi vill p\u00e5peka att detta g\u00f6rs av rent redaktionella sk\u00e4l och inte inneb\u00e4r n\u00e5gon v\u00e4rdering. Naturligtvis g\u00e4ller informationen alla k\u00f6n.<\/p>\t\t\t\t\t\t\t\t<\/div>\n\t\t\t\t<\/div>\n\t\t\t\t\t<\/div>\n\t\t\t\t<\/div>\n\t\t\t\t<\/div>\n\t\t\t\t<\/div>\n\t\t","protected":false},"excerpt":{"rendered":"<p>V\u00e5r vision \u00e4r att lyfta utbildningssektorn till en ny niv\u00e5 f\u00f6r att s\u00e4kerst\u00e4lla en utm\u00e4rkt utbildning f\u00f6r alla. I detta [&hellip;]<\/p>\n","protected":false},"author":1,"featured_media":0,"parent":0,"menu_order":30,"comment_status":"closed","ping_status":"closed","template":"","meta":{"site-sidebar-layout":"default","site-content-layout":"","ast-site-content-layout":"full-width-container","site-content-style":"default","site-sidebar-style":"default","ast-global-header-display":"","ast-banner-title-visibility":"","ast-main-header-display":"","ast-hfb-above-header-display":"","ast-hfb-below-header-display":"","ast-hfb-mobile-header-display":"","site-post-title":"","ast-breadcrumbs-content":"","ast-featured-img":"","footer-sml-layout":"","ast-disable-related-posts":"","theme-transparent-header-meta":"default","adv-header-id-meta":"","stick-header-meta":"","header-above-stick-meta":"","header-main-stick-meta":"","header-below-stick-meta":"","astra-migrate-meta-layouts":"default","ast-page-background-enabled":"default","ast-page-background-meta":{"desktop":{"background-color":"var(--ast-global-color-5)","background-image":"","background-repeat":"repeat","background-position":"center center","background-size":"auto","background-attachment":"scroll","background-type":"","background-media":"","overlay-type":"","overlay-color":"","overlay-opacity":"","overlay-gradient":""},"tablet":{"background-color":"","background-image":"","background-repeat":"repeat","background-position":"center center","background-size":"auto","background-attachment":"scroll","background-type":"","background-media":"","overlay-type":"","overlay-color":"","overlay-opacity":"","overlay-gradient":""},"mobile":{"background-color":"","background-image":"","background-repeat":"repeat","background-position":"center center","background-size":"auto","background-attachment":"scroll","background-type":"","background-media":"","overlay-type":"","overlay-color":"","overlay-opacity":"","overlay-gradient":""}},"ast-content-background-meta":{"desktop":{"background-color":"var(--ast-global-color-4)","background-image":"","background-repeat":"repeat","background-position":"center center","background-size":"auto","background-attachment":"scroll","background-type":"","background-media":"","overlay-type":"","overlay-color":"","overlay-opacity":"","overlay-gradient":""},"tablet":{"background-color":"var(--ast-global-color-4)","background-image":"","background-repeat":"repeat","background-position":"center center","background-size":"auto","background-attachment":"scroll","background-type":"","background-media":"","overlay-type":"","overlay-color":"","overlay-opacity":"","overlay-gradient":""},"mobile":{"background-color":"var(--ast-global-color-4)","background-image":"","background-repeat":"repeat","background-position":"center center","background-size":"auto","background-attachment":"scroll","background-type":"","background-media":"","overlay-type":"","overlay-color":"","overlay-opacity":"","overlay-gradient":""}},"footnotes":""},"class_list":["post-1269","page","type-page","status-publish","hentry"],"_links":{"self":[{"href":"https:\/\/academedia.education\/sv\/wp-json\/wp\/v2\/pages\/1269","targetHints":{"allow":["GET"]}}],"collection":[{"href":"https:\/\/academedia.education\/sv\/wp-json\/wp\/v2\/pages"}],"about":[{"href":"https:\/\/academedia.education\/sv\/wp-json\/wp\/v2\/types\/page"}],"author":[{"embeddable":true,"href":"https:\/\/academedia.education\/sv\/wp-json\/wp\/v2\/users\/1"}],"replies":[{"embeddable":true,"href":"https:\/\/academedia.education\/sv\/wp-json\/wp\/v2\/comments?post=1269"}],"version-history":[{"count":13,"href":"https:\/\/academedia.education\/sv\/wp-json\/wp\/v2\/pages\/1269\/revisions"}],"predecessor-version":[{"id":2982,"href":"https:\/\/academedia.education\/sv\/wp-json\/wp\/v2\/pages\/1269\/revisions\/2982"}],"wp:attachment":[{"href":"https:\/\/academedia.education\/sv\/wp-json\/wp\/v2\/media?parent=1269"}],"curies":[{"name":"wp","href":"https:\/\/api.w.org\/{rel}","templated":true}]}}