{"id":1271,"date":"2023-08-29T10:44:55","date_gmt":"2023-08-29T08:44:55","guid":{"rendered":"https:\/\/academedia.education\/kontakt\/"},"modified":"2026-04-24T14:03:03","modified_gmt":"2026-04-24T12:03:03","slug":"kontakt","status":"publish","type":"page","link":"https:\/\/academedia.education\/sv\/kontakt\/","title":{"rendered":"Kontakt"},"content":{"rendered":"\t\t<div data-elementor-type=\"wp-page\" data-elementor-id=\"1271\" class=\"elementor elementor-1271 elementor-64\" data-elementor-post-type=\"page\">\n\t\t\t\t<div class=\"elementor-element elementor-element-c236030 e-flex e-con-boxed e-con e-parent\" data-id=\"c236030\" data-element_type=\"container\" data-e-type=\"container\">\n\t\t\t\t\t<div class=\"e-con-inner\">\n\t\t<div class=\"elementor-element elementor-element-8668790 e-con-full e-flex e-con e-child\" data-id=\"8668790\" data-element_type=\"container\" data-e-type=\"container\">\n\t\t\t\t<div class=\"elementor-element elementor-element-36aaff3 elementor-widget elementor-widget-heading\" data-id=\"36aaff3\" data-element_type=\"widget\" data-e-type=\"widget\" data-widget_type=\"heading.default\">\n\t\t\t\t<div class=\"elementor-widget-container\">\n\t\t\t\t\t<h2 class=\"elementor-heading-title elementor-size-default\">AcadeMedia Education GmbH<\/h2>\t\t\t\t<\/div>\n\t\t\t\t<\/div>\n\t\t\t\t<\/div>\n\t\t<div class=\"elementor-element elementor-element-aa617af e-con-full e-flex e-con e-child\" data-id=\"aa617af\" data-element_type=\"container\" data-e-type=\"container\">\n\t\t\t\t<div class=\"elementor-element elementor-element-33d0502 elementor-widget elementor-widget-text-editor\" data-id=\"33d0502\" data-element_type=\"widget\" data-e-type=\"widget\" data-widget_type=\"text-editor.default\">\n\t\t\t\t<div class=\"elementor-widget-container\">\n\t\t\t\t\t\t\t\t\t<div class=\"elementor-element elementor-element-f255e84 elementor-widget elementor-widget-text-editor\" data-id=\"f255e84\" data-element_type=\"widget\" data-widget_type=\"text-editor.default\"><div class=\"elementor-widget-container\"><p>Tauentzienstra\u00dfe 13\/13A I 10789 Berlin<\/p><div class=\"elementor-element elementor-element-0d365a3 elementor-widget elementor-widget-text-editor\" data-id=\"0d365a3\" data-element_type=\"widget\" data-widget_type=\"text-editor.default\"><div class=\"elementor-widget-container\"><div class=\"elementor-element elementor-element-f255e84 elementor-widget elementor-widget-text-editor\" data-id=\"f255e84\" data-element_type=\"widget\" data-widget_type=\"text-editor.default\"><div class=\"elementor-widget-container\"><p>Gesch\u00e4ftsf\u00fchrung: Daniel Frech\u00a0<\/p><p>Assistenz der Gesch\u00e4ftsf\u00fchrung:\u00a0Anja Bergmann<\/p><\/div><\/div><\/div><\/div><\/div><\/div>\t\t\t\t\t\t\t\t<\/div>\n\t\t\t\t<\/div>\n\t\t\t\t<div class=\"elementor-element elementor-element-f3b9a43 elementor-icon-list--layout-traditional elementor-list-item-link-full_width elementor-widget elementor-widget-icon-list\" data-id=\"f3b9a43\" data-element_type=\"widget\" data-e-type=\"widget\" data-widget_type=\"icon-list.default\">\n\t\t\t\t<div class=\"elementor-widget-container\">\n\t\t\t\t\t\t\t<ul class=\"elementor-icon-list-items\">\n\t\t\t\t\t\t\t<li class=\"elementor-icon-list-item\">\n\t\t\t\t\t\t\t\t\t\t\t<span class=\"elementor-icon-list-icon\">\n\t\t\t\t\t\t\t<i aria-hidden=\"true\" class=\"fas fa-phone-alt\"><\/i>\t\t\t\t\t\t<\/span>\n\t\t\t\t\t\t\t\t\t\t<span class=\"elementor-icon-list-text\">+49 (0) 30 219 158 200<\/span>\n\t\t\t\t\t\t\t\t\t<\/li>\n\t\t\t\t\t\t\t\t<li class=\"elementor-icon-list-item\">\n\t\t\t\t\t\t\t\t\t\t\t<a href=\"mailto:info@academedia.education\">\n\n\t\t\t\t\t\t\t\t\t\t\t\t<span class=\"elementor-icon-list-icon\">\n\t\t\t\t\t\t\t<i aria-hidden=\"true\" class=\"fas fa-envelope\"><\/i>\t\t\t\t\t\t<\/span>\n\t\t\t\t\t\t\t\t\t\t<span class=\"elementor-icon-list-text\">info@academedia.education<\/span>\n\t\t\t\t\t\t\t\t\t\t\t<\/a>\n\t\t\t\t\t\t\t\t\t<\/li>\n\t\t\t\t\t\t<\/ul>\n\t\t\t\t\t\t<\/div>\n\t\t\t\t<\/div>\n\t\t\t\t<\/div>\n\t\t<div class=\"elementor-element elementor-element-7a03935 e-con-full e-flex e-con e-child\" data-id=\"7a03935\" data-element_type=\"container\" data-e-type=\"container\">\n\t\t\t\t<div class=\"elementor-element elementor-element-f03a52e elementor-widget elementor-widget-text-editor\" data-id=\"f03a52e\" data-element_type=\"widget\" data-e-type=\"widget\" data-widget_type=\"text-editor.default\">\n\t\t\t\t<div class=\"elementor-widget-container\">\n\t\t\t\t\t\t\t\t\t    <div class=\"exggmap-wrapper is-style-wide\" style=\"aspect-ratio:16 \/ 9\">\r\n      <div class=\"exggmap-mask\" style=\"background-color: #202a34; color:#ffffff\">\r\n        <div class=\"exggmap-mask-content\">\r\n        <p class=\"exggmap-caption\">GDPR MAP<\/p>\r\n            <button style=\"color: #ffffff; background-color: #575c67; border-color: #ffffff\"  id=\"exggmap-btn\">Karte anzeigen und Datenschutzerkl\u00e4rung akzeptieren *<\/button>\r\n        <\/div>\r\n                <span>\r\n           powered by            <a title=\"Webdesign Agentur\" style=\"color: #ffffff\" href=\"https:\/\/www.exovia.de\" target=\"_blank\" rel=\"noopener\">exovia webdesign<\/a>\r\n        <\/span>\r\n              <\/div>\r\n      <iframe\r\n        data-src=\"https:\/\/www.google.com\/maps\/embed?pb=!1m18!1m12!1m3!1d2428.6259319633587!2d13.333617377491937!3d52.50401053741211!2m3!1f0!2f0!3f0!3m2!1i1024!2i768!4f13.1!3m3!1m2!1s0x47a850ff636b7a07%3A0x4cf4df23b25afb71!2sTauentzienstra%C3%9Fe%2013%2Fi%2C%2010789%20Berlin!5e0!3m2!1sde!2sde!4v1776664541270!5m2!1sde!2sde\"\r\n        frameborder=\"0\"\r\n        allowfullscreen=\"\"\r\n        aria-hidden=\"false\"\r\n        tabindex=\"0\">\r\n      <\/iframe>\r\n    <\/div>\r\n    <p class=\"exampp-hints\">\r\n    * By loading the map you accept the privacy policy of Google.      <a target=\"_blank\" rel=\"noopener noreferrer\" href=\"https:\/\/policies.google.com\/privacy?hl=en\">Datenschutzerkl\u00e4rung<\/a>\r\n    <\/p>\r\n\t\n\t\t\t\t\t\t\t\t<\/div>\n\t\t\t\t<\/div>\n\t\t\t\t<\/div>\n\t\t<div class=\"elementor-element elementor-element-4f7c613 e-con-full e-flex e-con e-child\" data-id=\"4f7c613\" data-element_type=\"container\" data-e-type=\"container\">\n\t\t\t\t<div class=\"elementor-element elementor-element-55deb79 elementor-widget elementor-widget-text-editor\" data-id=\"55deb79\" data-element_type=\"widget\" data-e-type=\"widget\" data-widget_type=\"text-editor.default\">\n\t\t\t\t<div class=\"elementor-widget-container\">\n\t\t\t\t\t\t\t\t\t<p>Om du vill se den inb\u00e4ddade Google Map p\u00e5 denna webbplats kommer personuppgifter (IP-adress) att skickas till Google. Det \u00e4r d\u00e4rf\u00f6r m\u00f6jligt att din tillg\u00e5ng till webbplatsen kan sp\u00e5ras av Google. Om du klickar p\u00e5 knappen &#8221;Visa karta och acceptera sekretesspolicy&#8221;, kommer en cookie att placeras p\u00e5 din dator f\u00f6r att g\u00f6ra det m\u00f6jligt f\u00f6r denna webbplats att visa Google Maps i din webbl\u00e4sare. Cookien lagrar inga personuppgifter, utan kommer bara ih\u00e5g att du har godk\u00e4nt att kartan visas. L\u00e4s mer om denna aspekt av sekretessinst\u00e4llningar i v\u00e5r <a href=\"https:\/\/academedia.education\/datenschutzerklaerung\/\" target=\"_blank\" rel=\"noopener\">sekretesspolicy<\/a>.<\/p>\n\t\t\t\t\t\t\t\t<\/div>\n\t\t\t\t<\/div>\n\t\t\t\t<\/div>\n\t\t\t\t\t<\/div>\n\t\t\t\t<\/div>\n\t\t\t\t<\/div>\n\t\t","protected":false},"excerpt":{"rendered":"<p>AcadeMedia Education GmbH Tauentzienstra\u00dfe 13\/13A I 10789 Berlin Gesch\u00e4ftsf\u00fchrung: Daniel Frech\u00a0 Assistenz der Gesch\u00e4ftsf\u00fchrung:\u00a0Anja Bergmann +49 (0) 30 219 158 [&hellip;]<\/p>\n","protected":false},"author":1,"featured_media":0,"parent":0,"menu_order":40,"comment_status":"closed","ping_status":"closed","template":"","meta":{"site-sidebar-layout":"default","site-content-layout":"","ast-site-content-layout":"full-width-container","site-content-style":"default","site-sidebar-style":"default","ast-global-header-display":"","ast-banner-title-visibility":"","ast-main-header-display":"","ast-hfb-above-header-display":"","ast-hfb-below-header-display":"","ast-hfb-mobile-header-display":"","site-post-title":"","ast-breadcrumbs-content":"","ast-featured-img":"","footer-sml-layout":"","ast-disable-related-posts":"","theme-transparent-header-meta":"default","adv-header-id-meta":"","stick-header-meta":"","header-above-stick-meta":"","header-main-stick-meta":"","header-below-stick-meta":"","astra-migrate-meta-layouts":"default","ast-page-background-enabled":"default","ast-page-background-meta":{"desktop":{"background-color":"var(--ast-global-color-5)","background-image":"","background-repeat":"repeat","background-position":"center center","background-size":"auto","background-attachment":"scroll","background-type":"","background-media":"","overlay-type":"","overlay-color":"","overlay-opacity":"","overlay-gradient":""},"tablet":{"background-color":"","background-image":"","background-repeat":"repeat","background-position":"center center","background-size":"auto","background-attachment":"scroll","background-type":"","background-media":"","overlay-type":"","overlay-color":"","overlay-opacity":"","overlay-gradient":""},"mobile":{"background-color":"","background-image":"","background-repeat":"repeat","background-position":"center center","background-size":"auto","background-attachment":"scroll","background-type":"","background-media":"","overlay-type":"","overlay-color":"","overlay-opacity":"","overlay-gradient":""}},"ast-content-background-meta":{"desktop":{"background-color":"var(--ast-global-color-4)","background-image":"","background-repeat":"repeat","background-position":"center center","background-size":"auto","background-attachment":"scroll","background-type":"","background-media":"","overlay-type":"","overlay-color":"","overlay-opacity":"","overlay-gradient":""},"tablet":{"background-color":"var(--ast-global-color-4)","background-image":"","background-repeat":"repeat","background-position":"center center","background-size":"auto","background-attachment":"scroll","background-type":"","background-media":"","overlay-type":"","overlay-color":"","overlay-opacity":"","overlay-gradient":""},"mobile":{"background-color":"var(--ast-global-color-4)","background-image":"","background-repeat":"repeat","background-position":"center center","background-size":"auto","background-attachment":"scroll","background-type":"","background-media":"","overlay-type":"","overlay-color":"","overlay-opacity":"","overlay-gradient":""}},"footnotes":""},"class_list":["post-1271","page","type-page","status-publish","hentry"],"_links":{"self":[{"href":"https:\/\/academedia.education\/sv\/wp-json\/wp\/v2\/pages\/1271","targetHints":{"allow":["GET"]}}],"collection":[{"href":"https:\/\/academedia.education\/sv\/wp-json\/wp\/v2\/pages"}],"about":[{"href":"https:\/\/academedia.education\/sv\/wp-json\/wp\/v2\/types\/page"}],"author":[{"embeddable":true,"href":"https:\/\/academedia.education\/sv\/wp-json\/wp\/v2\/users\/1"}],"replies":[{"embeddable":true,"href":"https:\/\/academedia.education\/sv\/wp-json\/wp\/v2\/comments?post=1271"}],"version-history":[{"count":29,"href":"https:\/\/academedia.education\/sv\/wp-json\/wp\/v2\/pages\/1271\/revisions"}],"predecessor-version":[{"id":3213,"href":"https:\/\/academedia.education\/sv\/wp-json\/wp\/v2\/pages\/1271\/revisions\/3213"}],"wp:attachment":[{"href":"https:\/\/academedia.education\/sv\/wp-json\/wp\/v2\/media?parent=1271"}],"curies":[{"name":"wp","href":"https:\/\/api.w.org\/{rel}","templated":true}]}}